{"id":183,"date":"2014-05-26T11:56:10","date_gmt":"2014-05-26T18:56:10","guid":{"rendered":"http:\/\/kelsoinstitute.org\/louiskelso\/?page_id=183"},"modified":"2014-06-17T08:31:11","modified_gmt":"2014-06-17T15:31:11","slug":"espanol","status":"publish","type":"page","link":"https:\/\/kelsoinstitute.org\/louiskelso\/downloadable-books\/espanol\/","title":{"rendered":"Espa\u00f1ol"},"content":{"rendered":"<div class=\"one_third\">\n<p><a href=\"http:\/\/kelsoinstitute.org\/louiskelso\/wp-content\/uploads\/2014\/05\/dep-cover_esp_lg.gif\"><img loading=\"lazy\" decoding=\"async\" class=\"alignleft size-full wp-image-117\" src=\"http:\/\/kelsoinstitute.org\/louiskelso\/wp-content\/uploads\/2014\/05\/dep-cover_esp_lg.gif\" alt=\"dep-cover_esp_lg\" width=\"200\" height=\"288\" \/><\/a>(Download Here)<\/p>\n<p><a href=\"http:\/\/kelsoinstitute.org\/louiskelso\/wp-content\/uploads\/2014\/05\/esop_span-completo.pdf\">LA DEMOCRACIA Y EL PODER ECONOMICO: EXTENDIENDO LA REVOLUCION ESOP<\/a><\/p>\n<\/div>\n<div class=\"two_thirds last\">\n<p class=\"pheaders\" style=\"font-weight: bold; color: #0066cc;\"><b>Introducci\u00f3n<\/b><\/p>\n<p class=\"main\" style=\"color: #000000;\"><span class=\"pheaders\" style=\"font-weight: bold; color: #0066cc;\">Democracia Y Poder Econ\u00f3mico<\/span>, de Louis y Patricia Kelso hace un corte cruzado de econom\u00eda, finanzas y pol\u00edticas p\u00fablicas.\u00a0 El libro se public\u00f3 en Estados Unidos en 1986, coronando una larga carrera de trabajo creativo, iniciada muchos a\u00f1os atr\u00e1s por el joven Louis.\u00a0 Inquisitivo sobre la Gran Depresi\u00f3n, en 1945 hizo un primer enjuiciamiento sobre \u201cLa falacia del pleno empleo\u201d, en mimeo.\u00a0 Este fue seguido por otras numerosas publicaciones antes de esta obra.\u00a0 Su trabajo nunca ces\u00f3, pero las circunstancias propias de su vida y su deseo de poner sus ideas en pr\u00e1ctica, lo llevaron, como es raro entre los estudiosos, a pasar del an\u00e1lisis a la aplicaci\u00f3n profesional.<\/p>\n<p class=\"main\" style=\"color: #000000;\">Al fundar su banco de inversi\u00f3n, Kelso &amp; Company, sus ideas le tuvieron un campo ideal de aplicaci\u00f3n para innovar en t\u00e9cnicas financieras orientadas a validar su objetivo, que era lograr el acceso a la propiedad accionar\u00eda de las empresas para sus trabajadores.\u00a0 Observando la evoluci\u00f3n econ\u00f3mica en su pa\u00eds, Estados Unidos, entre la Depresi\u00f3n\u00a0 y la d\u00e9cada de los 1990\u2019s, tuvo una visi\u00f3n privilegiada.\u00a0 Los autores no dejaron de ver la cada vez peor distribuci\u00f3n de la riqueza en su pa\u00eds hacia los 1980\u2019s, acabando con el mito del bienestar de la clase media estadounidense, cuyas im\u00e1genes se hab\u00edan exportado al mundo desde los a\u00f1os cincuenta, como referencia b\u00e1sica al modelo de crecimiento econ\u00f3mico capitalista y del \u201cmodo de vida americano\u201d.\u00a0 En su pr\u00e1ctica profesional tuvo la oportunidad de iniciar un nuevo movimiento para corregir estas tendencias, el cual a\u00f1os despu\u00e9s se extender\u00eda a formas variadas de t\u00e9cnicas financieras y llevar\u00eda a la aceptaci\u00f3n general de que la participaci\u00f3n accionar\u00eda de los trabajadores en las empresas no s\u00f3lo es deseable, sino viable.<\/p>\n<p class=\"main\" style=\"color: #000000;\">El libro de Louis y Patricia contiene la suma de toda esta experiencia, tanto sus reflexiones te\u00f3ricas comos sus experiencias pr\u00e1cticas durante una vida de trabajo.\u00a0 La obra tiene varias facetas que estimulan tanto la discusi\u00f3n de la teor\u00eda econ\u00f3mica, como la discusi\u00f3n sobre pol\u00edticas p\u00fablicas y es en cierta medida una pena que hasta ahora est\u00e9 disponible para los lectores en espa\u00f1ol.<\/p>\n<p class=\"main\" style=\"color: #000000;\">Los autores introdujeron un modelo financiero de distribuci\u00f3n de la propiedad accionar\u00eda, a partir de un planteamiento te\u00f3rico.\u00a0 Este es que el trabajo no es el \u00fanico creador de valor (como lo se\u00f1ala la teor\u00eda del valor trabajo, pieza fundamental de la econom\u00eda cl\u00e1sica), sino que tambi\u00e9n lo es el capital.\u00a0 Con el avance de la tecnolog\u00eda, las formas que adopta el capital son cada vez m\u00e1s complejas y por lo tanto m\u00e1s costosas.<\/p>\n<p class=\"main\" style=\"color: #000000;\">Un trabajador con su puro salario no puede adquirir un bien de capital como un motor de avi\u00f3n y mucho menos una planta con numerosas m\u00e1quinas.\u00a0 Por ello, con su salario no puede aspirar a la distribuci\u00f3n de los frutos del proceso de acumulaci\u00f3n, pues el valor generado por la producci\u00f3n se reparte entre los due\u00f1os del trabajo y los due\u00f1os del capital, de acuerdo con el valor de su fuerza de trabajo y de su inversi\u00f3n respectivamente.\u00a0 Es claro que son \u00e9stos \u00faltimos quienes retiran m\u00e1s valor al haber invertido m\u00e1s en el proceso de producci\u00f3n.\u00a0 Si los capitalistas est\u00e1n representados por un peque\u00f1o grupo, en alg\u00fan momento el mercado no podr\u00e1 absorber todo el valor de la producci\u00f3n,\u00a0 pues el ingreso de la masa no alcanzar\u00e1 a darle suficiente capacidad de compra.\u00a0 Surgen inevitablemente las crisis, como la Gran Depresi\u00f3n.\u00a0 Si, por el contrario, la masa trabajadora recibe un salario por su trabajo y adem\u00e1s recibe un ingreso por el rendimiento de su capital, aumentar\u00e1 su poder adquisitivo y podr\u00e1 aumentar su demanda de bienes.\u00a0 Los Kelso no se ocupan en su discusi\u00f3n te\u00f3rica del an\u00e1lisis keynesiano sobre la propensi\u00f3n marginal al ahorro.\u00a0 Seg\u00fan \u00e9ste, si el ingreso se ahorra en proporciones cada vez mayores en lugar de gastarse, habr\u00e1 demanda insuficiente.\u00a0 Ser\u00eda interesante conciliar este planteamiento con el de Kelso, pues los niveles altos de ingreso generalmente se asocian con una mayor propensi\u00f3n al ahorro y por lo tanto el riesgo de enfrentar problemas de demanda insuficiente es mayor con la mayor concentraci\u00f3n del ingreso.\u00a0 Al restarse el flujo de ahorro de los flujos que entran al circuito econ\u00f3mico en el siguiente per\u00edodo, se resta capacidad de expansi\u00f3n a la econom\u00eda.\u00a0 Aqu\u00ed hay una liga, s\u00ed bien d\u00e9bil, entre las dos teor\u00edas: dado que el riesgo de crisis es alto con la concentraci\u00f3n del ingreso y que la propensi\u00f3n a ahorrar es mayor en los grupos de alto ingreso, entonces es de suma importancia para la pol\u00edtica p\u00fablica formentar que la capacidad de ahorro y de inversi\u00f3n de \u00e9ste en acervo nuevo de capital productivo se distribuya entre grupos cada vez m\u00e1s numerosos.\u00a0 Tampoco abren los autores su modelo para analizar la implicaci\u00f3n de la mala distribuci\u00f3n en los flujos externos, es decir, importaciones y exportaciones.\u00a0 Sin embargo, es evidente que las naciones que acumulan ingreso y lo concentran en grupos que ahorran mucho deben eventualmente buscar los mercados del exterior para colocar sus excedentes de producci\u00f3n.\u00a0 Tambi\u00e9n es imposible que no todas las naciones al mismo tiempo acumulen ahorros excesivos para tener un super\u00e1vit de comercio exterior con el resto del mundo.<\/p>\n<p class=\"main\" style=\"color: #000000;\">No hay duda que la teor\u00eda de \u201ceconom\u00eda binaria\u201d (t\u00e9rmino que acu\u00f1aron los autores para destacar el papel del trabajo y del capital en la creaci\u00f3n de valor) nos abre los ojos sobre la imperiosa necesidad de extender la propiedad del capital por razones m\u00e1s que humanitaria.\u00a0 Esta es la \u00fanica manera en la que el trabajador podr\u00e1 disfrutar del descanso, una vez que posea parte del acervo de capital, el cual le permite participar en la producci\u00f3n con algo m\u00e1s que sus manos.\u00a0 Su participaci\u00f3n tambi\u00e9n lo va a llevar a identificar sus intereses como individuo con los intereses de la empresa en la que trabaja.<\/p>\n<p class=\"main\" style=\"color: #000000;\">En gran medida la Participaci\u00f3n del Empleado en el Capital (PPEC) traducci\u00f3n de su nombre ingl\u00e9s (ESOP) ha sido bien acogido en Estados Unidos en donde miles de empresas lo utilizan.\u00a0 El PPEC se funda en un fideicomiso en torno de una empresa.\u00a0 Este fideicomiso emite un pagar\u00e9, el cual es adquirido por un banco o compa\u00f1\u00eda aseguradora, a cambio de un cr\u00e9dito.\u00a0 La empresa sobre la cual gira el fideicomiso garantiza el pagar\u00e9 y as\u00ed estimula la compra de acciones por los trabajadores.<\/p>\n<p class=\"main\" style=\"color: #000000;\">Con el cr\u00e9dito recibido, el fideicomiso PPEC compra acciones comunes de la empresa.\u00a0 Los dividendos recibidos sirven para pagar el cr\u00e9dito y al liquidarse totalmente los trabajadores reciben dividendos que les permiten acrecentar su ingreso disponible, pudiendo decidir si lo consumen o lo ahorran.<\/p>\n<p class=\"main\" style=\"color: #000000;\">No es de sorprender, con la aceptaci\u00f3n creciente de este instrumento en Estados Unidos, la tambi\u00e9n creciente base de hogares con propiedad accionar\u00eda.\u00a0 Esta es la forma de democracia econ\u00f3mica propuesta por Louis y Patricia Kelso en su libro.<\/p>\n<p class=\"main\" style=\"color: #000000;\">Louis visit\u00f3 M\u00e9xico en 1989 para participar en un seminario que tuve el gusto de organizar para la Universidad de las Am\u00e9ricas sobre privatizaci\u00f3n de empresas estatales.\u00a0 Desde entonces expres\u00f3 sus fuertes reservas sobre esquemas simples de transferencia accionar\u00eda del Estado a grupos de capitalistas sin incluir programas como el PPEC.\u00a0 Hoy, habiendo transcurrido m\u00e1s de una d\u00e9cada, s\u00f3lo se puede decir que el tiempo le dio la raz\u00f3n.<\/p>\n<p class=\"main\" style=\"color: #000000;\">No s\u00f3lo la administraci\u00f3n de Carlos Salinas no cuid\u00f3 las consecuencias distributivas de su privatizaci\u00f3n, sino que por la ausencia de una preocupaci\u00f3n democr\u00e1tica, aument\u00f3 la concentraci\u00f3n del capital en un peque\u00f1o grupo.\u00a0 En muchos casos este grupo no representaba a genuinos empresarios.\u00a0 Por ello, menos de seis a\u00f1os mas tarde, el Estado mexicano con dinero de contribuyentes tuvo que rescatar a bancos, constructoras de carreteras, empresas tur\u00edsticas, empresas de aviaci\u00f3n y otros productores.\u00a0 S\u00f3lo excepcionalmente las privatizaciones fueron exitosas.\u00a0 El fracaso del esquema desacredit\u00f3 sumariamente al esquema de privatizaci\u00f3n, a tal grado que en M\u00e9xico el gobierno no ha podido desde entonces convencer al Congreso de apoyar reformas constitucionales para abrir varios sectores de actividad a la inversi\u00f3n privada.\u00a0 En 1997 el hoy Jefe de Gobierno de la Ciudad de M\u00e9xico, Andr\u00e9s Manuel L\u00f3pez Obrador, denomin\u00f3 las privatizaciones de los noventa como un modelo de \u201cprivatizaci\u00f3n de las ganancias y socializaci\u00f3n de las p\u00e9rdidas\u201d.<\/p>\n<p class=\"main\" style=\"color: #000000;\">Lo mismo ocurri\u00f3, aunque en menor medida, en el resto de Am\u00e9rica Latina.\u00a0 No es de sorprender que la mayor\u00eda de la opini\u00f3n p\u00fablica rechaza la privatizaci\u00f3n como mecanismo para modernizar sus econom\u00edas, como lo confirma una encuesta de Lat\u00edn bar\u00f3metro, en donde quienes se oponen aumentaron de 43% a 57% entre 1998 y 2000.\u00a0 Hoy, despu\u00e9s de la crisis Argentina y con un pobre desempe\u00f1o econ\u00f3mico en la mayor parte de la regi\u00f3n, en donde no se logra menguar al alto desempleo, el porcentaje es seguramente mucho m\u00e1s alto.\u00a0 Lo anterior, aun cuando la opini\u00f3n p\u00fablica sabe que las empresas estatales no son ejemplo de eficiencia y buena rendici\u00f3n de cuentas.<\/p>\n<p class=\"main\" style=\"color: #000000;\">Por eso la obra de Louis y Patricia Kelso tiene hoy un lugar natural en Latinoam\u00e9rica.\u00a0 Viendo las grandes dificultades que tiene M\u00e9xico, por ejemplo, para abrir la generaci\u00f3n de electricidad y la exploraci\u00f3n de gas a la inversi\u00f3n privada, es claro que s\u00f3lo hay una forma para emprender nuevas reformas que impliquen liquidar propiedad del Estado.\u00a0 Esta forma es la democratizaci\u00f3n del capital y el instrumento mayormente probado es el PPEC.<\/p>\n<p class=\"main\" style=\"color: #000000;\">Los estudiosos y los responsables de las pol\u00edticas en Latinoam\u00e9rica tienen aqu\u00ed una buena herramienta de trabajo que sin duda mejorar\u00eda la distribuci\u00f3n del ingreso y dar\u00eda una base de apoyo m\u00e1s s\u00f3lido al crecimiento econ\u00f3mico de largo plazo.\u00a0 No s\u00f3lo el PEC es relevante para las empresas p\u00fablicas, tambi\u00e9n lo es para las del sector privado, como lo van a descubrir los lectores de esta valiosa obra, que enhorabuena se publica en espa\u00f1ol.<\/p>\n<p class=\"main\" style=\"color: #000000;\" align=\"center\">&#8230;&#8230;&#8230;&#8230;&#8230;&#8230;&#8230;&#8230;&#8230;&#8230;&#8230;&#8230;&#8230;.<\/p>\n<p class=\"kelso\" style=\"color: #000000;\">El\u00a0<b><span style=\"color: #0066cc;\">Dr. Rogelio Ramirez de la O<\/span>\u00a0<\/b>es un economista independiente viviendo en la Ciudad de M\u00e9xico y es uno de los mejores conocidos analistas del desarrollo de M\u00e9xico.\u00a0 Sus predicciones de las fluctuaciones econ\u00f3micas y de los cambios estructurales han establecido uno de los mejores r\u00e9cord de exactitud.\u00a0 \u00c9l es Presidente de Ecanal S.A., que publica sus reportes econ\u00f3micos y provee analices para el sector privado, incluyendo algunas de las mayores corporaciones multinacionales.\u00a0 \u00c9l consulta regularmente con inversionistas, idustrialistas, intelectuales y organizaciones multilaterales sobre cuestiones relacionadas a la econom\u00eda de M\u00e9xico.\u00a0 \u00c9l es un orador frecuente en conferencias internacionales, pertenece a varias juntas corporativas y ha sido designado como \u00e9l \u201cmejor contacto\u201d por \u201cInstitutional Investor\u201d.<\/p>\n<p class=\"kelso\" style=\"color: #000000;\">El Dr. Ramirez de la O mantiene un Doctorado en econom\u00eda de la Universidad de Cambridge, as\u00ed como una Licenciatura en Econom\u00eda de la Universidad Nacional Aut\u00f3noma de M\u00e9xico.\u00a0 \u00c9l puede ser contactado en\u00a0<b><a href=\"mailto:ecanal1@attglobal.net\">ecanal1@attglobal.net<\/a><\/b>.<\/p>\n<p class=\"kelso\" style=\"color: #000000;\"><\/div>\n<div class=\"clear\"><\/div>\n<\/p>\n<p>&nbsp;<\/p>\n<p>&nbsp;<\/p>\n<p>&nbsp;<\/p>\n<p>&nbsp;<\/p>\n<p>&nbsp;<\/p>\n<p>&nbsp;<\/p>\n<hr \/>\n<p>&nbsp;<\/p>\n","protected":false},"excerpt":{"rendered":"<p>&nbsp; &nbsp; &nbsp; &nbsp; &nbsp; &nbsp; &nbsp;<\/p>\n","protected":false},"author":1,"featured_media":0,"parent":24,"menu_order":3,"comment_status":"closed","ping_status":"closed","template":"","meta":{"nf_dc_page":"","footnotes":""},"class_list":["post-183","page","type-page","status-publish","hentry"],"yoast_head":"<!-- This site is optimized with the Yoast SEO plugin v27.4 - https:\/\/yoast.com\/product\/yoast-seo-wordpress\/ -->\n<title>Espa\u00f1ol - The Kelso Institute<\/title>\n<meta name=\"robots\" content=\"index, follow, max-snippet:-1, max-image-preview:large, max-video-preview:-1\" \/>\n<link rel=\"canonical\" href=\"https:\/\/kelsoinstitute.org\/louiskelso\/downloadable-books\/espanol\/\" \/>\n<meta property=\"og:locale\" content=\"en_US\" \/>\n<meta property=\"og:type\" content=\"article\" \/>\n<meta property=\"og:title\" content=\"Espa\u00f1ol - The Kelso Institute\" \/>\n<meta property=\"og:description\" content=\"&nbsp; &nbsp; &nbsp; &nbsp; &nbsp; &nbsp; &nbsp;\" \/>\n<meta property=\"og:url\" content=\"https:\/\/kelsoinstitute.org\/louiskelso\/downloadable-books\/espanol\/\" \/>\n<meta property=\"og:site_name\" content=\"The Kelso Institute\" \/>\n<meta property=\"article:modified_time\" content=\"2014-06-17T15:31:11+00:00\" \/>\n<meta property=\"og:image\" content=\"http:\/\/kelsoinstitute.org\/louiskelso\/wp-content\/uploads\/2014\/05\/dep-cover_esp_lg.gif\" \/>\n<meta name=\"twitter:label1\" content=\"Est. reading time\" \/>\n\t<meta name=\"twitter:data1\" content=\"10 minutes\" \/>\n<script type=\"application\/ld+json\" class=\"yoast-schema-graph\">{\"@context\":\"https:\\\/\\\/schema.org\",\"@graph\":[{\"@type\":\"WebPage\",\"@id\":\"https:\\\/\\\/kelsoinstitute.org\\\/louiskelso\\\/downloadable-books\\\/espanol\\\/\",\"url\":\"https:\\\/\\\/kelsoinstitute.org\\\/louiskelso\\\/downloadable-books\\\/espanol\\\/\",\"name\":\"Espa\u00f1ol - The Kelso Institute\",\"isPartOf\":{\"@id\":\"https:\\\/\\\/kelsoinstitute.org\\\/louiskelso\\\/#website\"},\"primaryImageOfPage\":{\"@id\":\"https:\\\/\\\/kelsoinstitute.org\\\/louiskelso\\\/downloadable-books\\\/espanol\\\/#primaryimage\"},\"image\":{\"@id\":\"https:\\\/\\\/kelsoinstitute.org\\\/louiskelso\\\/downloadable-books\\\/espanol\\\/#primaryimage\"},\"thumbnailUrl\":\"http:\\\/\\\/kelsoinstitute.org\\\/louiskelso\\\/wp-content\\\/uploads\\\/2014\\\/05\\\/dep-cover_esp_lg.gif\",\"datePublished\":\"2014-05-26T18:56:10+00:00\",\"dateModified\":\"2014-06-17T15:31:11+00:00\",\"breadcrumb\":{\"@id\":\"https:\\\/\\\/kelsoinstitute.org\\\/louiskelso\\\/downloadable-books\\\/espanol\\\/#breadcrumb\"},\"inLanguage\":\"en-US\",\"potentialAction\":[{\"@type\":\"ReadAction\",\"target\":[\"https:\\\/\\\/kelsoinstitute.org\\\/louiskelso\\\/downloadable-books\\\/espanol\\\/\"]}]},{\"@type\":\"ImageObject\",\"inLanguage\":\"en-US\",\"@id\":\"https:\\\/\\\/kelsoinstitute.org\\\/louiskelso\\\/downloadable-books\\\/espanol\\\/#primaryimage\",\"url\":\"http:\\\/\\\/kelsoinstitute.org\\\/louiskelso\\\/wp-content\\\/uploads\\\/2014\\\/05\\\/dep-cover_esp_lg.gif\",\"contentUrl\":\"http:\\\/\\\/kelsoinstitute.org\\\/louiskelso\\\/wp-content\\\/uploads\\\/2014\\\/05\\\/dep-cover_esp_lg.gif\"},{\"@type\":\"BreadcrumbList\",\"@id\":\"https:\\\/\\\/kelsoinstitute.org\\\/louiskelso\\\/downloadable-books\\\/espanol\\\/#breadcrumb\",\"itemListElement\":[{\"@type\":\"ListItem\",\"position\":1,\"name\":\"Home\",\"item\":\"https:\\\/\\\/kelsoinstitute.org\\\/louiskelso\\\/\"},{\"@type\":\"ListItem\",\"position\":2,\"name\":\"Downloadable Books\",\"item\":\"https:\\\/\\\/kelsoinstitute.org\\\/louiskelso\\\/downloadable-books\\\/\"},{\"@type\":\"ListItem\",\"position\":3,\"name\":\"Espa\u00f1ol\"}]},{\"@type\":\"WebSite\",\"@id\":\"https:\\\/\\\/kelsoinstitute.org\\\/louiskelso\\\/#website\",\"url\":\"https:\\\/\\\/kelsoinstitute.org\\\/louiskelso\\\/\",\"name\":\"The Kelso Institute\",\"description\":\"\",\"potentialAction\":[{\"@type\":\"SearchAction\",\"target\":{\"@type\":\"EntryPoint\",\"urlTemplate\":\"https:\\\/\\\/kelsoinstitute.org\\\/louiskelso\\\/?s={search_term_string}\"},\"query-input\":{\"@type\":\"PropertyValueSpecification\",\"valueRequired\":true,\"valueName\":\"search_term_string\"}}],\"inLanguage\":\"en-US\"}]}<\/script>\n<!-- \/ Yoast SEO plugin. -->","yoast_head_json":{"title":"Espa\u00f1ol - The Kelso Institute","robots":{"index":"index","follow":"follow","max-snippet":"max-snippet:-1","max-image-preview":"max-image-preview:large","max-video-preview":"max-video-preview:-1"},"canonical":"https:\/\/kelsoinstitute.org\/louiskelso\/downloadable-books\/espanol\/","og_locale":"en_US","og_type":"article","og_title":"Espa\u00f1ol - The Kelso Institute","og_description":"&nbsp; &nbsp; &nbsp; &nbsp; &nbsp; &nbsp; &nbsp;","og_url":"https:\/\/kelsoinstitute.org\/louiskelso\/downloadable-books\/espanol\/","og_site_name":"The Kelso Institute","article_modified_time":"2014-06-17T15:31:11+00:00","og_image":[{"url":"http:\/\/kelsoinstitute.org\/louiskelso\/wp-content\/uploads\/2014\/05\/dep-cover_esp_lg.gif","type":"","width":"","height":""}],"twitter_misc":{"Est. reading time":"10 minutes"},"schema":{"@context":"https:\/\/schema.org","@graph":[{"@type":"WebPage","@id":"https:\/\/kelsoinstitute.org\/louiskelso\/downloadable-books\/espanol\/","url":"https:\/\/kelsoinstitute.org\/louiskelso\/downloadable-books\/espanol\/","name":"Espa\u00f1ol - The Kelso Institute","isPartOf":{"@id":"https:\/\/kelsoinstitute.org\/louiskelso\/#website"},"primaryImageOfPage":{"@id":"https:\/\/kelsoinstitute.org\/louiskelso\/downloadable-books\/espanol\/#primaryimage"},"image":{"@id":"https:\/\/kelsoinstitute.org\/louiskelso\/downloadable-books\/espanol\/#primaryimage"},"thumbnailUrl":"http:\/\/kelsoinstitute.org\/louiskelso\/wp-content\/uploads\/2014\/05\/dep-cover_esp_lg.gif","datePublished":"2014-05-26T18:56:10+00:00","dateModified":"2014-06-17T15:31:11+00:00","breadcrumb":{"@id":"https:\/\/kelsoinstitute.org\/louiskelso\/downloadable-books\/espanol\/#breadcrumb"},"inLanguage":"en-US","potentialAction":[{"@type":"ReadAction","target":["https:\/\/kelsoinstitute.org\/louiskelso\/downloadable-books\/espanol\/"]}]},{"@type":"ImageObject","inLanguage":"en-US","@id":"https:\/\/kelsoinstitute.org\/louiskelso\/downloadable-books\/espanol\/#primaryimage","url":"http:\/\/kelsoinstitute.org\/louiskelso\/wp-content\/uploads\/2014\/05\/dep-cover_esp_lg.gif","contentUrl":"http:\/\/kelsoinstitute.org\/louiskelso\/wp-content\/uploads\/2014\/05\/dep-cover_esp_lg.gif"},{"@type":"BreadcrumbList","@id":"https:\/\/kelsoinstitute.org\/louiskelso\/downloadable-books\/espanol\/#breadcrumb","itemListElement":[{"@type":"ListItem","position":1,"name":"Home","item":"https:\/\/kelsoinstitute.org\/louiskelso\/"},{"@type":"ListItem","position":2,"name":"Downloadable Books","item":"https:\/\/kelsoinstitute.org\/louiskelso\/downloadable-books\/"},{"@type":"ListItem","position":3,"name":"Espa\u00f1ol"}]},{"@type":"WebSite","@id":"https:\/\/kelsoinstitute.org\/louiskelso\/#website","url":"https:\/\/kelsoinstitute.org\/louiskelso\/","name":"The Kelso Institute","description":"","potentialAction":[{"@type":"SearchAction","target":{"@type":"EntryPoint","urlTemplate":"https:\/\/kelsoinstitute.org\/louiskelso\/?s={search_term_string}"},"query-input":{"@type":"PropertyValueSpecification","valueRequired":true,"valueName":"search_term_string"}}],"inLanguage":"en-US"}]}},"_links":{"self":[{"href":"https:\/\/kelsoinstitute.org\/louiskelso\/wp-json\/wp\/v2\/pages\/183","targetHints":{"allow":["GET"]}}],"collection":[{"href":"https:\/\/kelsoinstitute.org\/louiskelso\/wp-json\/wp\/v2\/pages"}],"about":[{"href":"https:\/\/kelsoinstitute.org\/louiskelso\/wp-json\/wp\/v2\/types\/page"}],"author":[{"embeddable":true,"href":"https:\/\/kelsoinstitute.org\/louiskelso\/wp-json\/wp\/v2\/users\/1"}],"replies":[{"embeddable":true,"href":"https:\/\/kelsoinstitute.org\/louiskelso\/wp-json\/wp\/v2\/comments?post=183"}],"version-history":[{"count":10,"href":"https:\/\/kelsoinstitute.org\/louiskelso\/wp-json\/wp\/v2\/pages\/183\/revisions"}],"predecessor-version":[{"id":348,"href":"https:\/\/kelsoinstitute.org\/louiskelso\/wp-json\/wp\/v2\/pages\/183\/revisions\/348"}],"up":[{"embeddable":true,"href":"https:\/\/kelsoinstitute.org\/louiskelso\/wp-json\/wp\/v2\/pages\/24"}],"wp:attachment":[{"href":"https:\/\/kelsoinstitute.org\/louiskelso\/wp-json\/wp\/v2\/media?parent=183"}],"curies":[{"name":"wp","href":"https:\/\/api.w.org\/{rel}","templated":true}]}}